{"id":2,"date":"2015-10-03T19:59:44","date_gmt":"2015-10-03T19:59:44","guid":{"rendered":"http:\/\/totaltheme.wpengine.com\/corporate\/?page_id=2"},"modified":"2019-08-01T21:10:37","modified_gmt":"2019-08-01T21:10:37","slug":"home","status":"publish","type":"page","link":"https:\/\/home0.com.uy\/goresol\/","title":{"rendered":"inicio"},"content":{"rendered":"[vc_row full_width=\u00bbstretch_row_content_no_spaces\u00bb remove_bottom_col_margin=\u00bbtrue\u00bb visibility=\u00bbvisible-desktop\u00bb css=\u00bb.vc_custom_1564693434416{background-color: #172983 !important;}\u00bb][vc_column][rev_slider_vc alias=\u00bbcorporate-home\u00bb][\/vc_column][\/vc_row][vc_row full_width=\u00bbstretch_row_content_no_spaces\u00bb remove_bottom_col_margin=\u00bbtrue\u00bb][vc_column]<div class=\"vcex-spacing\" style=\"height:30px\"><\/div><div class=\"vcex-module vcex-heading vcex-heading-plain vc_custom_1564683904975\" style=\"text-align:center;\"><span class=\"vcex-heading-inner clr\">SERVICIOS<\/span><\/div><div class=\"vcex-module vcex-divider vcex-divider-solid\" style=\"width:80px;border-top-width:3px;border-color:#004494;\"><\/div><div class=\"vcex-spacing\" style=\"height:30px\"><\/div>[\/vc_column][\/vc_row][vc_row tablet_fullwidth_cols=\u00bbyes\u00bb css=\u00bb.vc_custom_1520019953845{padding-top: 60px !important;padding-bottom: 20px !important;}\u00bb][vc_column width=\u00bb1\/4&#8243;]<div class=\"vcex-module vcex-icon-box clr vcex-icon-box-two vcex-icon-box-w-bg  vc_custom_1564693665855\"><div class=\"vcex-icon-box-icon no-padding\" style=\"color:#ffffff;width:100px;font-size:48px;border-radius:50%;background:#004494;height:100px;line-height:100px;\"><span class=\"vc_li vc_li-key\" aria-hidden=\"true\"><\/span><\/div><h1 class=\"vcex-icon-box-heading\" data-wpex-rcss='{\"font-size\":{\"d\":\"24px\",\"tl\":\"20px\",\"tp\":\"20px\",\"pl\":\"18px\",\"pp\":\"18px\"}}'>SEGURIDAD<\/h1><div class=\"vcex-icon-box-content clr\"><p style=\"text-align: center\">Lorem ipsum dolor sit amet, consectetuer adipiscing elit. Aenean commodo ligula eget dolor. Aenean massa. Cum sociis natoque penatibus et magnis dis parturient montes, nascetur ridiculus mus. Donec quam felis, ultricies nec, pellentesque eu, pretium quis, sem. Nulla consequat massa quis enim.<\/p>\n<p>&nbsp;<\/p>\n<\/div><\/div>[\/vc_column][vc_column width=\u00bb1\/4&#8243;]<div class=\"vcex-module vcex-icon-box clr vcex-icon-box-two vcex-icon-box-w-bg  vc_custom_1564693676671\"><div class=\"vcex-icon-box-icon no-padding\" style=\"color:#ffffff;width:100px;font-size:48px;border-radius:50%;background:#004494;height:100px;line-height:100px;\"><span class=\"vc_li vc_li-world\" aria-hidden=\"true\"><\/span><\/div><div class=\"vcex-icon-box-heading\" data-wpex-rcss='{\"font-size\":{\"d\":\"24px\",\"tl\":\"20px\",\"tp\":\"20px\",\"pl\":\"18px\",\"pp\":\"18px\"}}'>LIMPIEZA<\/div><div class=\"vcex-icon-box-content clr\"><p style=\"text-align: center\">fringilla vel, aliquet nec, vulputate eget, arcu. In enim justo, rhoncus ut, imperdiet a, venenatis vitae, justo. Nullam dictum felis eu pede mollis pretium. Integer tincidunt. Cras dapibus. Vivamus elementum semper nisi. Aenean vulputate eleifend tellus. Aenean leo ligula, porttitor eu, consequat vitae, ele<\/p>\n<p>&nbsp;<\/p>\n<\/div><\/div>[\/vc_column][vc_column width=\u00bb1\/4&#8243;]<div class=\"vcex-module vcex-icon-box clr vcex-icon-box-two vcex-icon-box-w-bg  vc_custom_1564693685639\"><div class=\"vcex-icon-box-icon no-padding\" style=\"color:#ffffff;width:100px;font-size:48px;border-radius:50%;background:#004494;height:100px;line-height:100px;\"><span class=\"vc_li vc_li-params\" aria-hidden=\"true\"><\/span><\/div><div class=\"vcex-icon-box-heading\" data-wpex-rcss='{\"font-size\":{\"d\":\"24px\",\"tl\":\"20px\",\"tp\":\"20px\",\"pl\":\"18px\",\"pp\":\"18px\"}}'>SERVICIO 3<\/div><div class=\"vcex-icon-box-content clr\"><p style=\"text-align: center\">Quisque rutrum. Aenean imperdiet. Etiam ultricies nisi vel augue. Curabitur ullamcorper ultricies nisi. Nam eget dui. Etiam rhoncus. Maecenas tempus, tellus eget condimentum rhoncus, sem quam semper libero, sit amet adipiscing sem neque sed ipsum.<\/p>\n<p>&nbsp;<\/p>\n<\/div><\/div>[\/vc_column][vc_column width=\u00bb1\/4&#8243;]<div class=\"vcex-module vcex-icon-box clr vcex-icon-box-two vcex-icon-box-w-bg  vc_custom_1564693695559\"><div class=\"vcex-icon-box-icon no-padding\" style=\"color:#ffffff;width:100px;font-size:48px;border-radius:50%;background:#004494;height:100px;line-height:100px;\"><span class=\"vc_li vc_li-like\" aria-hidden=\"true\"><\/span><\/div><div class=\"vcex-icon-box-heading\" data-wpex-rcss='{\"font-size\":{\"d\":\"24px\",\"tl\":\"20px\",\"tp\":\"20px\",\"pl\":\"18px\",\"pp\":\"18px\"}}'>SERVICIO 4<\/div><div class=\"vcex-icon-box-content clr\"><p style=\"text-align: center\">Nam quam nunc, blandit vel, luctus pulvinar, hendrerit id, lorem. Maecenas nec odio et ante tincidunt tempus. Donec vitae sapien ut libero venenatis faucibus. Nullam quis ante. Etiam sit amet orci eget eros faucibus tincidunt. Duis leo. Sed fringilla mauris sit amet nibh.<\/p>\n<\/div><\/div>[\/vc_column][\/vc_row][vc_row full_width=\u00bbstretch_row\u00bb parallax=\u00bbcontent-moving\u00bb parallax_image=\u00bb47&#8243; remove_bottom_col_margin=\u00bbtrue\u00bb css=\u00bb.vc_custom_1520019874611{padding-top: 100px !important;padding-bottom: 100px !important;background-color: #555555 !important;}\u00bb][vc_column]<div class=\"vcex-module vcex-heading vcex-heading-plain vc_custom_1564684131705\" style=\"color:#ffffff;font-size:26px;text-align:center;\"><span class=\"vcex-heading-inner clr\">Con goresol su empresa estar\u00e1 en las mejores manos<\/span><\/div><div class=\"vcex-module vcex-divider vcex-divider-solid\" style=\"width:80px;border-top-width:3px;border-color:#004494;\"><\/div><div class=\"vcex-spacing\" style=\"height:30px\"><\/div>[vc_column_text width=\u00bb700px\u00bb color=\u00bb#ffffff\u00bb]\n<p style=\"text-align: center;\"><span class=\"tlid-translation translation\" lang=\"es\"><span class=\"\" title=\"\">Las caracter\u00edsticas clave, los servicios personalizados y el soporte experto significan que puede concentrarse en su negocio mientras nosotros hacemos el resto.<\/span> <span class=\"\" title=\"\">Nos encargaremos de todo para su negocio, desde la\u00a0 limpieza integral hasta su seguridad.<\/span> <span class=\"\" title=\"\">Lo que necesite, estamos aqu\u00ed las 24 horas del d\u00eda, los 7 d\u00edas de la semana, 364 d\u00edas al a\u00f1o. Usted y su empresa tranquilos, seguros y respaldados.<\/span><\/span><\/p>\n[\/vc_column_text]<div class=\"vcex-spacing\" style=\"height:30px\"><\/div><div class=\"textcenter theme-button-wrap clr\"><a href=\"#\" title=\"Learn More\" class=\"vcex-button theme-button align-center inline animate-on-hover\" target=\"_blank\" style=\"padding:10px 30px;border-radius:0px;\"><span class=\"theme-button-inner\">NO DUDE EN CONSULTARNOS, ESTAMOS A SUS \u00d3RDENES<\/span><\/a><\/div> [\/vc_column][\/vc_row][vc_row css=\u00bb.vc_custom_1520020006293{padding-top: 80px !important;padding-bottom: 40px !important;}\u00bb][vc_column]<div class=\"vcex-module vcex-heading vcex-heading-plain vc_custom_1564685063759\" style=\"text-align:center;\"><span class=\"vcex-heading-inner clr\">ALGUNOS DE NUESTROS CLIENTES<\/span><\/div><div class=\"vcex-module vcex-divider vcex-divider-solid\" style=\"width:80px;border-top-width:3px;border-color:#004494;\"><\/div><div class=\"vcex-spacing\" style=\"height:40px\"><\/div><div class=\"vcex-module wpex-carousel wpex-carousel-images clr owl-carousel\" data-items=\"6\" data-slideby=\"5\" data-nav=\"false\" data-dots=\"true\" data-autoplay=\"true\" data-loop=\"true\" data-autoplay-timeout=\"5000\" data-center=\"false\" data-margin=\"30\" data-items-tablet=\"4\" data-items-mobile-landscape=\"2\" data-items-mobile-portrait=\"1\" data-smart-speed=\"150\" data-auto-height=\"false\" data-auto-width=\"false\"><div class=\"wpex-carousel-slide\"><figure class=\"wpex-carousel-entry-media clr\"><img width=\"285\" height=\"235\" src=\"https:\/\/home0.com.uy\/goresol\/wp-content\/uploads\/2015\/10\/logo1.png\" class=\"skip-lazy\" alt=\"\" loading=\"lazy\" data-no-lazy=\"1\" \/><\/figure><\/div><div class=\"wpex-carousel-slide\"><figure class=\"wpex-carousel-entry-media clr\"><img width=\"285\" height=\"235\" src=\"https:\/\/home0.com.uy\/goresol\/wp-content\/uploads\/2015\/10\/logo8.png\" class=\"skip-lazy\" alt=\"\" loading=\"lazy\" data-no-lazy=\"1\" \/><\/figure><\/div><div class=\"wpex-carousel-slide\"><figure class=\"wpex-carousel-entry-media clr\"><img width=\"285\" height=\"235\" src=\"https:\/\/home0.com.uy\/goresol\/wp-content\/uploads\/2015\/10\/logo3.png\" class=\"skip-lazy\" alt=\"\" loading=\"lazy\" data-no-lazy=\"1\" \/><\/figure><\/div><div class=\"wpex-carousel-slide\"><figure class=\"wpex-carousel-entry-media clr\"><img width=\"285\" height=\"235\" src=\"https:\/\/home0.com.uy\/goresol\/wp-content\/uploads\/2015\/10\/logo7.png\" class=\"skip-lazy\" alt=\"\" loading=\"lazy\" data-no-lazy=\"1\" \/><\/figure><\/div><div class=\"wpex-carousel-slide\"><figure class=\"wpex-carousel-entry-media clr\"><img width=\"285\" height=\"235\" src=\"https:\/\/home0.com.uy\/goresol\/wp-content\/uploads\/2015\/10\/logo10.png\" class=\"skip-lazy\" alt=\"\" loading=\"lazy\" data-no-lazy=\"1\" \/><\/figure><\/div><div class=\"wpex-carousel-slide\"><figure class=\"wpex-carousel-entry-media clr\"><img width=\"285\" height=\"235\" src=\"https:\/\/home0.com.uy\/goresol\/wp-content\/uploads\/2015\/10\/logo4.png\" class=\"skip-lazy\" alt=\"\" loading=\"lazy\" data-no-lazy=\"1\" \/><\/figure><\/div><div class=\"wpex-carousel-slide\"><figure class=\"wpex-carousel-entry-media clr\"><img width=\"285\" height=\"235\" src=\"https:\/\/home0.com.uy\/goresol\/wp-content\/uploads\/2015\/10\/logo2.png\" class=\"skip-lazy\" alt=\"\" loading=\"lazy\" data-no-lazy=\"1\" \/><\/figure><\/div><div class=\"wpex-carousel-slide\"><figure class=\"wpex-carousel-entry-media clr\"><img width=\"285\" height=\"235\" src=\"https:\/\/home0.com.uy\/goresol\/wp-content\/uploads\/2015\/10\/logo6.png\" class=\"skip-lazy\" alt=\"\" loading=\"lazy\" data-no-lazy=\"1\" \/><\/figure><\/div><div class=\"wpex-carousel-slide\"><figure class=\"wpex-carousel-entry-media clr\"><img width=\"285\" height=\"235\" src=\"https:\/\/home0.com.uy\/goresol\/wp-content\/uploads\/2015\/10\/logo9.png\" class=\"skip-lazy\" alt=\"\" loading=\"lazy\" data-no-lazy=\"1\" \/><\/figure><\/div><div class=\"wpex-carousel-slide\"><figure class=\"wpex-carousel-entry-media clr\"><img width=\"285\" height=\"235\" src=\"https:\/\/home0.com.uy\/goresol\/wp-content\/uploads\/2015\/10\/logo5.png\" class=\"skip-lazy\" alt=\"\" loading=\"lazy\" data-no-lazy=\"1\" \/><\/figure><\/div><\/div>[\/vc_column][\/vc_row][vc_row full_width=\u00bbstretch_row\u00bb parallax=\u00bbcontent-moving\u00bb parallax_image=\u00bb46&#8243; css=\u00bb.vc_custom_1520019984243{padding-top: 100px !important;padding-bottom: 60px !important;background-color: #555555 !important;background-position: 0 0;background-repeat:-repeat;}\u00bb][vc_column css_animation=\u00bbfadeInDown\u00bb width=\u00bb1\/4&#8243;]<div class=\"vcex-spacing\" style=\"height:10px\"><\/div><div class=\"vcex-module vcex-milestone clr vcex-animated-milestone vcex-ip-inline\"><div class=\"vcex-milestone-inner\"><div class=\"vcex-milestone-desc\"><div class=\"vcex-milestone-number\" style=\"color:#83c132;font-size:48px;margin-bottom:15px;\"><span class=\"vcex-milestone-before\"><span class=\"vcex-milestone-icon\" style=\"font-size:38px;\"><span class=\"ticon ticon-handshake-o\"><\/span><\/span><\/span><span class=\"vcex-milestone-time vcex-countup\" data-options=\"{&quot;startVal&quot;:0,&quot;endVal&quot;:120,&quot;duration&quot;:2,&quot;decimals&quot;:0,&quot;separator&quot;:&quot;,&quot;,&quot;decimal&quot;:&quot;.&quot;}\">0<\/span><\/div><div class=\"vcex-milestone-caption\" style=\"color:#fcfcfc;\">FIELES CLIENTES<\/div><\/div><\/div><\/div>[\/vc_column][vc_column css_animation=\u00bbfadeInDown\u00bb css_animation_delay=\u00bb0.2&#8243; width=\u00bb1\/4&#8243;]<div class=\"vcex-spacing\" style=\"height:10px\"><\/div><div class=\"vcex-module vcex-milestone clr vcex-animated-milestone vcex-ip-inline\"><div class=\"vcex-milestone-inner\"><div class=\"vcex-milestone-desc\"><div class=\"vcex-milestone-number\" style=\"color:#83c132;font-size:48px;margin-bottom:15px;\"><span class=\"vcex-milestone-before\"><span class=\"vcex-milestone-icon\" style=\"font-size:38px;\"><span class=\"ticon ticon-star\"><\/span><\/span><\/span><span class=\"vcex-milestone-time vcex-countup\" data-options=\"{&quot;startVal&quot;:0,&quot;endVal&quot;:12,&quot;duration&quot;:2,&quot;decimals&quot;:0,&quot;separator&quot;:&quot;,&quot;,&quot;decimal&quot;:&quot;.&quot;}\">0<\/span><\/div><div class=\"vcex-milestone-caption\" style=\"color:#fcfcfc;\">A\u00d1OS EN PLAZA<\/div><\/div><\/div><\/div>[\/vc_column][vc_column css_animation=\u00bbfadeInDown\u00bb css_animation_delay=\u00bb0.3&#8243; width=\u00bb1\/4&#8243;]<div class=\"vcex-spacing\" style=\"height:10px\"><\/div><div class=\"vcex-module vcex-milestone clr vcex-animated-milestone vcex-ip-inline\"><div class=\"vcex-milestone-inner\"><div class=\"vcex-milestone-desc\"><div class=\"vcex-milestone-number\" style=\"color:#83c132;font-size:48px;margin-bottom:15px;\"><span class=\"vcex-milestone-before\"><span class=\"vcex-milestone-icon\" style=\"font-size:38px;\"><span class=\"ticon ticon-user-circle-o\"><\/span><\/span><\/span><span class=\"vcex-milestone-time vcex-countup\" data-options=\"{&quot;startVal&quot;:0,&quot;endVal&quot;:86,&quot;duration&quot;:2,&quot;decimals&quot;:0,&quot;separator&quot;:&quot;,&quot;,&quot;decimal&quot;:&quot;.&quot;}\">0<\/span><\/div><div class=\"vcex-milestone-caption\" style=\"color:#fcfcfc;\">EMPLEADOS<\/div><\/div><\/div><\/div>[\/vc_column][vc_column css_animation=\u00bbfadeInDown\u00bb css_animation_delay=\u00bb0.4&#8243; width=\u00bb1\/4&#8243;]<div class=\"vcex-spacing\" style=\"height:10px\"><\/div><div class=\"vcex-module vcex-milestone clr vcex-animated-milestone vcex-ip-inline\"><div class=\"vcex-milestone-inner\"><div class=\"vcex-milestone-desc\"><div class=\"vcex-milestone-number\" style=\"color:#83c132;font-size:48px;margin-bottom:15px;\"><span class=\"vcex-milestone-before\"><span class=\"vcex-milestone-icon\" style=\"font-size:38px;\"><span class=\"ticon ticon-thumbs-up\"><\/span><\/span><\/span><span class=\"vcex-milestone-time vcex-countup\" data-options=\"{&quot;startVal&quot;:0,&quot;endVal&quot;:100,&quot;duration&quot;:2,&quot;decimals&quot;:0,&quot;separator&quot;:&quot;,&quot;,&quot;decimal&quot;:&quot;.&quot;}\">0<\/span><span class=\"vcex-milestone-after\">%<\/span><\/div><div class=\"vcex-milestone-caption\" style=\"color:#fcfcfc;\">TRABAJANDO<\/div><\/div><\/div><\/div>[\/vc_column][\/vc_row]\n","protected":false},"excerpt":{"rendered":"<p>[vc_row full_width=\u00bbstretch_row_content_no_spaces\u00bb remove_bottom_col_margin=\u00bbtrue\u00bb visibility=\u00bbvisible-desktop\u00bb css=\u00bb.vc_custom_1564693434416{background-color: #172983 !important;}\u00bb][vc_column][rev_slider_vc alias=\u00bbcorporate-home\u00bb][\/vc_column][\/vc_row][vc_row full_width=\u00bbstretch_row_content_no_spaces\u00bb remove_bottom_col_margin=\u00bbtrue\u00bb][vc_column][\/vc_column][\/vc_row][vc_row tablet_fullwidth_cols=\u00bbyes\u00bb css=\u00bb.vc_custom_1520019953845{padding-top: 60px !important;padding-bottom: 20px !important;}\u00bb][vc_column width=\u00bb1\/4&#8243;][\/vc_column][vc_column width=\u00bb1\/4&#8243;][\/vc_column][vc_column width=\u00bb1\/4&#8243;][\/vc_column][vc_column width=\u00bb1\/4&#8243;][\/vc_column][\/vc_row][vc_row full_width=\u00bbstretch_row\u00bb parallax=\u00bbcontent-moving\u00bb parallax_image=\u00bb47&#8243; remove_bottom_col_margin=\u00bbtrue\u00bb css=\u00bb.vc_custom_1520019874611{padding-top: 100px !important;padding-bottom: 100px !important;background-color: #555555 !important;}\u00bb][vc_column][vc_column_text width=\u00bb700px\u00bb color=\u00bb#ffffff\u00bb] Las caracter\u00edsticas clave, los servicios personalizados y&hellip;<\/p>\n","protected":false},"author":1,"featured_media":0,"parent":0,"menu_order":0,"comment_status":"closed","ping_status":"closed","template":"","meta":[],"_links":{"self":[{"href":"https:\/\/home0.com.uy\/goresol\/wp-json\/wp\/v2\/pages\/2"}],"collection":[{"href":"https:\/\/home0.com.uy\/goresol\/wp-json\/wp\/v2\/pages"}],"about":[{"href":"https:\/\/home0.com.uy\/goresol\/wp-json\/wp\/v2\/types\/page"}],"author":[{"embeddable":true,"href":"https:\/\/home0.com.uy\/goresol\/wp-json\/wp\/v2\/users\/1"}],"replies":[{"embeddable":true,"href":"https:\/\/home0.com.uy\/goresol\/wp-json\/wp\/v2\/comments?post=2"}],"version-history":[{"count":23,"href":"https:\/\/home0.com.uy\/goresol\/wp-json\/wp\/v2\/pages\/2\/revisions"}],"predecessor-version":[{"id":162,"href":"https:\/\/home0.com.uy\/goresol\/wp-json\/wp\/v2\/pages\/2\/revisions\/162"}],"wp:attachment":[{"href":"https:\/\/home0.com.uy\/goresol\/wp-json\/wp\/v2\/media?parent=2"}],"curies":[{"name":"wp","href":"https:\/\/api.w.org\/{rel}","templated":true}]}}